{"id":26,"date":"2019-10-30T08:04:23","date_gmt":"2019-10-30T08:04:23","guid":{"rendered":"https:\/\/demo.casethemes.net\/consultio-insurance\/?page_id=26"},"modified":"2023-02-08T11:16:41","modified_gmt":"2023-02-08T10:16:41","slug":"about","status":"publish","type":"page","link":"https:\/\/abassurance.com\/?page_id=26","title":{"rendered":"\u00c0 propos de nous"},"content":{"rendered":"\t\t<div data-elementor-type=\"wp-page\" data-elementor-id=\"26\" class=\"elementor elementor-26\">\n\t\t\t\t\t\t\t        <section class=\"elementor-section elementor-top-section elementor-element elementor-element-bf4d915 elementor-section-boxed elementor-section-height-default elementor-section-height-default ct-header-fixed-none ct-row-max-none\" data-id=\"bf4d915\" data-element_type=\"section\">\n            \n                        <div class=\"elementor-container elementor-column-gap-extended \">\n                    <div class=\"elementor-column elementor-col-50 elementor-top-column elementor-element elementor-element-5282614\" data-id=\"5282614\" data-element_type=\"column\">\n            <div class=\"elementor-widget-wrap elementor-element-populated\">\n                        \t\t<div class=\"elementor-element elementor-element-9d091b6 elementor-widget elementor-widget-ct_heading\" data-id=\"9d091b6\" data-element_type=\"widget\" data-widget_type=\"ct_heading.default\">\n\t\t\t\t<div class=\"elementor-widget-container\">\n\t\t\t<div id=\"ct_heading-9d091b6\" class=\"ct-heading h-align- sub- ct-heading-left item-st-line-left1\">\r\n\t<div class=\"ct-item--inner\">\r\n        <div class=\"ct-inline-css\"  data-css=\"\r\n            \">\r\n        <\/div>\r\n                <h3 class=\"item--title st-line-left1 case-animate-time\" data-wow-delay=\"ms\">\r\n                        <span class=\"sp-main\">\r\n                                    <i><\/i>\r\n                \r\n                D\u00e9couvrez comment nous aidons les clients \u00e0 trouver la meilleure couverture d&#8217;assurance pour r\u00e9pondre \u00e0 leurs besoins uniques\r\n                \r\n                            <\/span>\r\n                    <\/h3>\r\n    <\/div>\r\n<\/div>\t\t<\/div>\n\t\t\t\t<\/div>\n\t\t        <section class=\"elementor-section elementor-inner-section elementor-element elementor-element-6b326e2 elementor-section-boxed elementor-section-height-default elementor-section-height-default ct-header-fixed-none ct-row-max-none\" data-id=\"6b326e2\" data-element_type=\"section\">\n            \n                        <div class=\"elementor-container elementor-column-gap-extended \">\n                    <div class=\"elementor-column elementor-col-100 elementor-inner-column elementor-element elementor-element-71555f1\" data-id=\"71555f1\" data-element_type=\"column\">\n            <div class=\"elementor-widget-wrap elementor-element-populated\">\n                        \t\t<div class=\"elementor-element elementor-element-176c3a2 elementor-widget elementor-widget-text-editor\" data-id=\"176c3a2\" data-element_type=\"widget\" data-widget_type=\"text-editor.default\">\n\t\t\t\t<div class=\"elementor-widget-container\">\n\t\t\t<style>\/*! elementor - v3.10.2 - 29-01-2023 *\/\n.elementor-widget-text-editor.elementor-drop-cap-view-stacked .elementor-drop-cap{background-color:#818a91;color:#fff}.elementor-widget-text-editor.elementor-drop-cap-view-framed .elementor-drop-cap{color:#818a91;border:3px solid;background-color:transparent}.elementor-widget-text-editor:not(.elementor-drop-cap-view-default) .elementor-drop-cap{margin-top:8px}.elementor-widget-text-editor:not(.elementor-drop-cap-view-default) .elementor-drop-cap-letter{width:1em;height:1em}.elementor-widget-text-editor .elementor-drop-cap{float:left;text-align:center;line-height:1;font-size:50px}.elementor-widget-text-editor .elementor-drop-cap-letter{display:inline-block}<\/style>\t\t\t\t<p><span style=\"color: #003300;\">Chez Ab Assur, nous sommes fiers d&#8217;\u00eatre un courtier en assurances d\u00e9di\u00e9 \u00e0 fournir des solutions d&#8217;assurance personnalis\u00e9es \u00e0 nos clients. Depuis notre fondation, nous avons travaill\u00e9 sans rel\u00e2che pour aider nos clients \u00e0 naviguer dans le monde complexe des assurances en leur fournissant les informations dont ils ont besoin pour prendre les meilleures d\u00e9cisions pour eux et leur famille.<\/span><\/p><p><span style=\"color: #003300;\">Notre \u00e9quipe d&#8217;experts en assurances poss\u00e8de une vaste connaissance du march\u00e9 de l&#8217;assurance et travaille en \u00e9troite collaboration avec nos partenaires pour offrir des options d&#8217;assurance adapt\u00e9es \u00e0 chaque besoin. Nous proposons une gamme compl\u00e8te de produits d&#8217;assurance, y compris l&#8217;assurance habitation, l&#8217;assurance automobile, la mutuelle sant\u00e9, et plus encore.<\/span><\/p><p><span style=\"color: #003300;\">Nous sommes fiers de notre engagement envers la satisfaction de nos clients, et nous nous effor\u00e7ons de fournir un service client\u00e8le exceptionnel \u00e0 chaque interaction. Nous sommes l\u00e0 pour vous guider \u00e0 chaque \u00e9tape du processus, pour vous offrir une exp\u00e9rience d&#8217;assurance simple et transparente.<\/span><\/p>\t\t\t\t\t\t<\/div>\n\t\t\t\t<\/div>\n\t\t\t\t<div class=\"elementor-element elementor-element-ff64e04 elementor-widget elementor-widget-ct_tabs\" data-id=\"ff64e04\" data-element_type=\"widget\" data-widget_type=\"ct_tabs.default\">\n\t\t\t\t<div class=\"elementor-widget-container\">\n\t\t\t            <div class=\"ct-tabs ct-tabs--layout1 type-horizontal style4\">\n                <div class=\"ct-tabs-title\">\n                                            <span class=\"ct-tab-title active\" data-target=\"#ct_tabs-ff64e04-628ebd9\">\n                                                                                    Notre Histoire        \n                        <\/span>\n                                            <span class=\"ct-tab-title \" data-target=\"#ct_tabs-ff64e04-30a0415\">\n                                                                                    Notre \u00e9quipe        \n                        <\/span>\n                                            <span class=\"ct-tab-title \" data-target=\"#ct_tabs-ff64e04-3ae694d\">\n                                                                                    Notre engagement        \n                        <\/span>\n                                    <\/div>\n\n                <div class=\"ct-tabs-content\">\n                                            <div class=\"ct-tab-content \" id=\"ct_tabs-ff64e04-628ebd9\" style=\"display:block;\"><p>Nous sommes une entreprise d'assurance, avec pour mission de fournir \u00e0 nos clients des solutions d'assurance abordables et fiables. Avec des ann\u00e9es d'exp\u00e9rience et une \u00e9quipe d\u00e9vou\u00e9e, nous nous effor\u00e7ons de vous offrir un service client exceptionnel \u00e0 chaque interaction.<\/p><\/div>\n                                            <div class=\"ct-tab-content \" id=\"ct_tabs-ff64e04-30a0415\"><p>Notre \u00e9quipe est compos\u00e9e de professionnels exp\u00e9riment\u00e9s de l'industrie de l'assurance. Chacun d'entre eux a \u00e9t\u00e9 s\u00e9lectionn\u00e9 pour leur expertise et leur engagement envers nos clients. Nous travaillons ensemble pour vous offrir des solutions d'assurance personnalis\u00e9es, r\u00e9pondant \u00e0 vos besoins uniques.<\/p><\/div>\n                                            <div class=\"ct-tab-content \" id=\"ct_tabs-ff64e04-3ae694d\"><p>Nous croyons que les clients viennent en premier et c'est pourquoi nous nous engageons \u00e0 fournir un service client de qualit\u00e9 sup\u00e9rieure. Nous sommes l\u00e0 pour vous guider \u00e0 chaque \u00e9tape du processus, en vous offrant des solutions d'assurance personnalis\u00e9es et en r\u00e9pondant \u00e0 toutes vos questions. Nous sommes d\u00e9termin\u00e9s \u00e0 vous aider \u00e0 trouver la protection dont vous avez besoin pour vous et votre famille.<\/p><\/div>\n                                    <\/div>\n            <\/div>\n            \t\t<\/div>\n\t\t\t\t<\/div>\n\t\t\t\t<div class=\"elementor-element elementor-element-dffa2c1 elementor-widget elementor-widget-image\" data-id=\"dffa2c1\" data-element_type=\"widget\" data-widget_type=\"image.default\">\n\t\t\t\t<div class=\"elementor-widget-container\">\n\t\t\t<style>\/*! elementor - v3.10.2 - 29-01-2023 *\/\n.elementor-widget-image{text-align:center}.elementor-widget-image a{display:inline-block}.elementor-widget-image a img[src$=\".svg\"]{width:48px}.elementor-widget-image img{vertical-align:middle;display:inline-block}<\/style>\t\t\t\t\t\t\t\t\t\t\t\t<img decoding=\"async\" width=\"350\" height=\"1\" src=\"https:\/\/abassurance.com\/wp-content\/uploads\/2019\/12\/about-gap.png\" class=\"attachment-full size-full wp-image-1896\" alt=\"\" srcset=\"https:\/\/abassurance.com\/wp-content\/uploads\/2019\/12\/about-gap.png 350w, https:\/\/abassurance.com\/wp-content\/uploads\/2019\/12\/about-gap-300x1.png 300w, https:\/\/abassurance.com\/wp-content\/uploads\/2019\/12\/about-gap-250x1.png 250w, https:\/\/abassurance.com\/wp-content\/uploads\/2019\/12\/about-gap-150x1.png 150w\" sizes=\"(max-width: 350px) 100vw, 350px\" \/>\t\t\t\t\t\t\t\t\t\t\t\t\t\t\t<\/div>\n\t\t\t\t<\/div>\n\t\t            <\/div>\n        <\/div>\n                            <\/div>\n        <\/section>\n                    <\/div>\n        <\/div>\n                <div class=\"elementor-column elementor-col-50 elementor-top-column elementor-element elementor-element-07e4861\" data-id=\"07e4861\" data-element_type=\"column\">\n            <div class=\"elementor-widget-wrap elementor-element-populated\">\n                        \t\t<div class=\"elementor-element elementor-element-1548748 elementor-widget elementor-widget-image\" data-id=\"1548748\" data-element_type=\"widget\" data-widget_type=\"image.default\">\n\t\t\t\t<div class=\"elementor-widget-container\">\n\t\t\t\t\t\t\t\t\t\t\t\t\t\t\t<img decoding=\"async\" width=\"558\" height=\"631\" src=\"https:\/\/abassurance.com\/wp-content\/uploads\/2019\/12\/about1.png\" class=\"attachment-full size-full wp-image-1877\" alt=\"\" srcset=\"https:\/\/abassurance.com\/wp-content\/uploads\/2019\/12\/about1.png 558w, https:\/\/abassurance.com\/wp-content\/uploads\/2019\/12\/about1-265x300.png 265w\" sizes=\"(max-width: 558px) 100vw, 558px\" \/>\t\t\t\t\t\t\t\t\t\t\t\t\t\t\t<\/div>\n\t\t\t\t<\/div>\n\t\t            <\/div>\n        <\/div>\n                            <\/div>\n        <\/section>\n                <section class=\"elementor-section elementor-top-section elementor-element elementor-element-720bd044 elementor-section-stretched elementor-section-boxed elementor-section-height-default elementor-section-height-default ct-header-fixed-none ct-row-max-none\" data-id=\"720bd044\" data-element_type=\"section\" data-settings=\"{&quot;stretch_section&quot;:&quot;section-stretched&quot;,&quot;background_background&quot;:&quot;classic&quot;}\">\n            \n                        <div class=\"elementor-container elementor-column-gap-extended \">\n                    <div class=\"elementor-column elementor-col-100 elementor-top-column elementor-element elementor-element-1f6a8df8\" data-id=\"1f6a8df8\" data-element_type=\"column\">\n            <div class=\"elementor-widget-wrap\">\n                                    <\/div>\n        <\/div>\n                            <\/div>\n        <\/section>\n        \t\t\t\t\t<\/div>\n\t\t","protected":false},"excerpt":{"rendered":"<p>D\u00e9couvrez comment nous aidons les clients \u00e0 trouver la meilleure couverture d&#8217;assurance pour r\u00e9pondre \u00e0 leurs besoins uniques Chez Ab Assur, nous sommes fiers d&#8217;\u00eatre un courtier en assurances d\u00e9di\u00e9 \u00e0 fournir des solutions d&#8217;assurance personnalis\u00e9es \u00e0 nos clients. Depuis notre fondation, nous avons travaill\u00e9 sans rel\u00e2che pour aider nos clients \u00e0 naviguer dans le [&hellip;]<\/p>\n","protected":false},"author":1,"featured_media":0,"parent":0,"menu_order":0,"comment_status":"closed","ping_status":"closed","template":"","meta":{"_mi_skip_tracking":false,"footnotes":""},"class_list":["post-26","page","type-page","status-publish","hentry"],"_links":{"self":[{"href":"https:\/\/abassurance.com\/index.php?rest_route=\/wp\/v2\/pages\/26","targetHints":{"allow":["GET"]}}],"collection":[{"href":"https:\/\/abassurance.com\/index.php?rest_route=\/wp\/v2\/pages"}],"about":[{"href":"https:\/\/abassurance.com\/index.php?rest_route=\/wp\/v2\/types\/page"}],"author":[{"embeddable":true,"href":"https:\/\/abassurance.com\/index.php?rest_route=\/wp\/v2\/users\/1"}],"replies":[{"embeddable":true,"href":"https:\/\/abassurance.com\/index.php?rest_route=%2Fwp%2Fv2%2Fcomments&post=26"}],"version-history":[{"count":14,"href":"https:\/\/abassurance.com\/index.php?rest_route=\/wp\/v2\/pages\/26\/revisions"}],"predecessor-version":[{"id":4518,"href":"https:\/\/abassurance.com\/index.php?rest_route=\/wp\/v2\/pages\/26\/revisions\/4518"}],"wp:attachment":[{"href":"https:\/\/abassurance.com\/index.php?rest_route=%2Fwp%2Fv2%2Fmedia&parent=26"}],"curies":[{"name":"wp","href":"https:\/\/api.w.org\/{rel}","templated":true}]}}